{"id":1259,"date":"2022-03-25T12:41:32","date_gmt":"2022-03-25T11:41:32","guid":{"rendered":"https:\/\/www.entreprise-foulquier.fr\/?page_id=1259"},"modified":"2024-09-17T11:48:28","modified_gmt":"2024-09-17T09:48:28","slug":"isolation-bourg-des-comptes","status":"publish","type":"page","link":"https:\/\/www.entreprise-foulquier.fr\/refonte\/isolation-bourg-des-comptes\/","title":{"rendered":"&#8230; Isolation Bourg-des-Comptes"},"content":{"rendered":"\t\t<div data-elementor-type=\"wp-page\" data-elementor-id=\"1259\" class=\"elementor elementor-1259\">\n\t\t\t\t<div class=\"elementor-element elementor-element-71c1eb1 e-flex e-con-boxed coherence-container-background-zoom-no coherence-sticky-section-no e-con e-parent\" data-id=\"71c1eb1\" data-element_type=\"container\" data-settings=\"{&quot;background_background&quot;:&quot;classic&quot;}\">\n\t\t\t\t\t<div class=\"e-con-inner\">\n\t\t<div class=\"elementor-element elementor-element-d0cbf6d e-con-full e-flex coherence-container-background-zoom-no coherence-sticky-section-no e-con e-child\" data-id=\"d0cbf6d\" data-element_type=\"container\">\n\t\t\t\t<div class=\"elementor-element elementor-element-30f5a32 elementor-widget elementor-widget-coherence_Heading_widget\" data-id=\"30f5a32\" data-element_type=\"widget\" data-widget_type=\"coherence_Heading_widget.default\">\n\t\t\t\t<div class=\"elementor-widget-container\">\n\t\t\t\t\t<h1 class=\"coherence-heading elementor-heading-title\"><span class=\"separator-sup-title\">FOULQUIER ROMAIN<\/span> <span class=\"coherence-heading-text\">Vos travaux d\u2019isolation Bourg-des-Comptes<\/span>  <\/h1>\t\t\t\t<\/div>\n\t\t\t\t<\/div>\n\t\t\t\t<div class=\"elementor-element elementor-element-d1a0f46 elementor-widget elementor-widget-text-editor\" data-id=\"d1a0f46\" data-element_type=\"widget\" data-widget_type=\"text-editor.default\">\n\t\t\t\t<div class=\"elementor-widget-container\">\n\t\t\t\t\t\t\t\t\t<p>Envie d\u2019entretenir votre habitat en r\u00e9alisant des \u00e9conomies d\u2019\u00e9nergie ? ALAIN FOULQUIERES vous propose ses services en isolation Bourg-des-Comptes pour r\u00e9pondre \u00e0 tous vos besoins.<\/p><p>Forts de notre exp\u00e9rience et de notre savoir-faire, nous vous assurons une large gamme de prestations qualitatives dans le respect des normes en vigueur. En effet, nous nous engageons \u00e0 am\u00e9liorer la valeur de votre maison \u00e0 travers nos travaux personnalis\u00e9s d\u2019isolation Bourg-des-Comptes. Que vous soyez un particulier ou un professionnel, nous sommes en mesure de satisfaire toutes vos demandes en tenant compte de vos contraintes d\u2019espace et de budget. En outre, nous mettons \u00e0 votre disposition une \u00e9quipe qualifi\u00e9e d\u2019artisans plaquistes aptes \u00e0 vous apporter les solutions les mieux adapt\u00e9es \u00e0 vos attentes.<\/p><p>Soucieux d\u2019un rendu efficace et p\u00e9renne, nous vous accompagnons et vous conseillons tout au long de votre projet d\u2019isolation Bourg-des-Comptes en fonction de vos pr\u00e9f\u00e9rences. Pour plus de renseignements, n\u2019h\u00e9sitez pas \u00e0 nous contacter au 06 12 19 00 69 ou via notre formulaire de contact.<\/p>\t\t\t\t\t\t\t\t<\/div>\n\t\t\t\t<\/div>\n\t\t\t\t<div class=\"elementor-element elementor-element-620a710 elementor-align-center elementor-widget elementor-widget-coherence-Button-widget\" data-id=\"620a710\" data-element_type=\"widget\" data-widget_type=\"coherence-Button-widget.default\">\n\t\t\t\t<div class=\"elementor-widget-container\">\n\t\t\t\t\t<div class=\"elementor-button-wrapper coherence-button-wrapper\">\r\n    <a href=\"https:\/\/www.entreprise-foulquier.fr\/refonte\/contact\/\" class=\"elementor-button-link elementor-button elementor-size-md coherence-button-style-solid\" role=\"button\">\r\n        <span class=\"elementor-button-content-wrapper\">\r\n                        <span class=\"elementor-button-text\">Contactez-nous <\/span>\r\n        <\/span>\r\n    <\/a>\r\n<\/div>\t\t\t\t<\/div>\n\t\t\t\t<\/div>\n\t\t\t\t<\/div>\n\t\t\t\t\t<\/div>\n\t\t\t\t<\/div>\n\t\t<div class=\"elementor-element elementor-element-67fc8aa e-flex e-con-boxed coherence-container-background-zoom-no coherence-sticky-section-no e-con e-parent\" data-id=\"67fc8aa\" data-element_type=\"container\" data-settings=\"{&quot;background_background&quot;:&quot;classic&quot;}\">\n\t\t\t\t\t<div class=\"e-con-inner\">\n\t\t<div class=\"elementor-element elementor-element-10e4f84 e-con-full e-flex coherence-container-background-zoom-no coherence-sticky-section-no e-con e-child\" data-id=\"10e4f84\" data-element_type=\"container\" data-settings=\"{&quot;background_background&quot;:&quot;classic&quot;}\">\n\t\t\t\t<\/div>\n\t\t<div class=\"elementor-element elementor-element-26d406a e-con-full e-flex coherence-container-background-zoom-no coherence-sticky-section-no e-con e-child\" data-id=\"26d406a\" data-element_type=\"container\">\n\t\t\t\t<div class=\"elementor-element elementor-element-aa7bc33 elementor-widget elementor-widget-coherence_Heading_widget\" data-id=\"aa7bc33\" data-element_type=\"widget\" data-widget_type=\"coherence_Heading_widget.default\">\n\t\t\t\t<div class=\"elementor-widget-container\">\n\t\t\t\t\t<h2 class=\"coherence-heading elementor-heading-title\"> <span class=\"coherence-heading-text\">Faites appel \u00e0 notre expertise en isolation Bourg-des-Comptes\n<\/span>  <\/h2>\t\t\t\t<\/div>\n\t\t\t\t<\/div>\n\t\t\t\t<div class=\"elementor-element elementor-element-07beeb1 elementor-widget elementor-widget-text-editor\" data-id=\"07beeb1\" data-element_type=\"widget\" data-widget_type=\"text-editor.default\">\n\t\t\t\t<div class=\"elementor-widget-container\">\n\t\t\t\t\t\t\t\t\t<p>L\u2019entreprise FOULQUIER situ\u00e9e \u00e0 Noyal-Ch\u00e2tillon-sur-Seiche en Ille-et-Vilaine (35) met sa longue exp\u00e9rience et son professionnalisme au service des particuliers et des professionnels pour les travaux de pl\u00e2trerie, en neuf ou en r\u00e9novation.<\/p><p>Elle intervient dans la pose de plafond avec des plaques de pl\u00e2tre, la pose de plafonds coupe-feu pour les lieux recevant du public, la mise en place de faux plafond, le doublage de murs ext\u00e9rieurs, la mise en place de cloison, ainsi que les travaux d\u2019isolation phonique et thermique.<\/p>\t\t\t\t\t\t\t\t<\/div>\n\t\t\t\t<\/div>\n\t\t\t\t<\/div>\n\t\t\t\t\t<\/div>\n\t\t\t\t<\/div>\n\t\t<div class=\"elementor-element elementor-element-ee89dc6 e-flex e-con-boxed coherence-container-background-zoom-no coherence-sticky-section-no e-con e-parent\" data-id=\"ee89dc6\" data-element_type=\"container\" data-settings=\"{&quot;background_background&quot;:&quot;classic&quot;}\">\n\t\t\t\t\t<div class=\"e-con-inner\">\n\t\t<div class=\"elementor-element elementor-element-d6d2f1c e-con-full e-flex coherence-container-background-zoom-no coherence-sticky-section-no e-con e-child\" data-id=\"d6d2f1c\" data-element_type=\"container\" data-settings=\"{&quot;background_background&quot;:&quot;classic&quot;}\">\n\t\t\t\t<div class=\"elementor-element elementor-element-87b42f7 elementor-widget elementor-widget-coherence_Heading_widget\" data-id=\"87b42f7\" data-element_type=\"widget\" data-widget_type=\"coherence_Heading_widget.default\">\n\t\t\t\t<div class=\"elementor-widget-container\">\n\t\t\t\t\t<h2 class=\"coherence-heading elementor-heading-title\"> <span class=\"coherence-heading-text\">FOULQUIER : Une \u00e9quipe de plaquistes sp\u00e9cialis\u00e9e pour vos travaux d\u2019am\u00e9nagements et r\u00e9novation int\u00e9rieurs.<\/span>  <\/h2>\t\t\t\t<\/div>\n\t\t\t\t<\/div>\n\t\t\t\t<div class=\"elementor-element elementor-element-76310e4 elementor-widget elementor-widget-text-editor\" data-id=\"76310e4\" data-element_type=\"widget\" data-widget_type=\"text-editor.default\">\n\t\t\t\t<div class=\"elementor-widget-container\">\n\t\t\t\t\t\t\t\t\t<p>L\u2019entreprise FOULQUIER est sp\u00e9cialis\u00e9e dans les travaux d\u2019am\u00e9nagement et r\u00e9novation des int\u00e9rieurs. Nos artisans plaquistes vous proposent une gamme de prestations et de cr\u00e9ation d\u2019espaces int\u00e9rieurs, d\u2019am\u00e9nagement de vos pi\u00e8ces, d\u2019optimisation d\u2019espace de vie, dans les derni\u00e8res tendances et design.<\/p><h3>Faites appel nos services pour tous travaux d\u2019\u00e9tude, de conception ou de pose de :<\/h3><ul><li>Cloison s\u00e8che<\/li><li>Isolation thermique et acoustique<\/li><li>Mises en \u0153uvre d\u2019\u00e9tanch\u00e9it\u00e9 \u00e0 l\u2019air<\/li><li>Cloison de s\u00e9paration et de doublage en placostil<\/li><li>Plafond et faux plafond en placostil<\/li><li>Am\u00e9nagement de combles<\/li><li>Habillage de fen\u00eatres de toit<\/li><li>R\u00e9alisation des joints et ar\u00eates plaques de pl\u00e2tre<\/li><li>Projection d\u2019un enduit de finition sur toute surface en plaque de pl\u00e2tre<\/li><\/ul>\t\t\t\t\t\t\t\t<\/div>\n\t\t\t\t<\/div>\n\t\t\t\t<\/div>\n\t\t<div class=\"elementor-element elementor-element-7b17a51 e-con-full e-flex coherence-container-background-zoom-no coherence-sticky-section-no e-con e-child\" data-id=\"7b17a51\" data-element_type=\"container\" data-settings=\"{&quot;background_background&quot;:&quot;classic&quot;}\">\n\t\t\t\t<\/div>\n\t\t\t\t\t<\/div>\n\t\t\t\t<\/div>\n\t\t<div class=\"elementor-element elementor-element-d4e91f2 e-flex e-con-boxed coherence-container-background-zoom-no coherence-sticky-section-no e-con e-parent\" data-id=\"d4e91f2\" data-element_type=\"container\" data-settings=\"{&quot;background_background&quot;:&quot;classic&quot;}\">\n\t\t\t\t\t<div class=\"e-con-inner\">\n\t\t\t\t<div class=\"elementor-element elementor-element-b5dd54b elementor-widget__width-initial elementor-widget elementor-widget-text-editor\" data-id=\"b5dd54b\" data-element_type=\"widget\" data-widget_type=\"text-editor.default\">\n\t\t\t\t<div class=\"elementor-widget-container\">\n\t\t\t\t\t\t\t\t\t<p>Nous assurons \u00e0 votre projet une \u00e9tude sur mesure, afin de choisir les solutions les plus ad\u00e9quates \u00e0 vos besoins et envies.<br \/>Besoin d\u2019un artisan expert en travaux d\u2019isolation, platerie et placo ? L\u2019entreprise FOULQUIER est l\u2019adresse qu\u2019il vous faut !<br \/>Faites-nous part de votre projet !<\/p>\t\t\t\t\t\t\t\t<\/div>\n\t\t\t\t<\/div>\n\t\t\t\t<div class=\"elementor-element elementor-element-d505bd6 elementor-align-center elementor-widget elementor-widget-coherence-Button-widget\" data-id=\"d505bd6\" data-element_type=\"widget\" data-widget_type=\"coherence-Button-widget.default\">\n\t\t\t\t<div class=\"elementor-widget-container\">\n\t\t\t\t\t<div class=\"elementor-button-wrapper coherence-button-wrapper\">\r\n    <a href=\"https:\/\/www.entreprise-foulquier.fr\/refonte\/contact\/\" class=\"elementor-button-link elementor-button elementor-size-md coherence-button-style-solid\" role=\"button\">\r\n        <span class=\"elementor-button-content-wrapper\">\r\n                        <span class=\"elementor-button-text\">Contactez-nous <\/span>\r\n        <\/span>\r\n    <\/a>\r\n<\/div>\t\t\t\t<\/div>\n\t\t\t\t<\/div>\n\t\t\t\t\t<\/div>\n\t\t\t\t<\/div>\n\t\t\t\t<\/div>\n\t\t","protected":false},"excerpt":{"rendered":"<p>FOULQUIER ROMAIN Vos travaux d\u2019isolation Bourg-des-Comptes Envie d\u2019entretenir votre habitat en r\u00e9alisant des \u00e9conomies d\u2019\u00e9nergie ? ALAIN FOULQUIERES vous propose ses services en isolation Bourg-des-Comptes pour r\u00e9pondre \u00e0 tous vos besoins. Forts de notre exp\u00e9rience et de notre savoir-faire, nous vous assurons une large gamme de prestations qualitatives dans le respect des normes en vigueur. [&hellip;]<\/p>\n","protected":false},"author":3,"featured_media":0,"parent":0,"menu_order":0,"comment_status":"closed","ping_status":"closed","template":"","meta":{"inline_featured_image":false,"footnotes":""},"class_list":["post-1259","page","type-page","status-publish","hentry"],"yoast_head":"<!-- This site is optimized with the Yoast SEO plugin v25.3.1 - https:\/\/yoast.com\/wordpress\/plugins\/seo\/ -->\n<title>Isolation Bourg-des-Comptes - ALAIN FOULQUIERES<\/title>\n<meta name=\"description\" content=\"Vous cherchez un professionnel en isolation Bourg-des-Comptes ? ALAIN FOULQUIERES est \u00e0 votre \u00e9coute au 06 12 19 00 69.\" \/>\n<meta name=\"robots\" content=\"index, follow, max-snippet:-1, max-image-preview:large, max-video-preview:-1\" \/>\n<link rel=\"canonical\" href=\"https:\/\/www.entreprise-foulquier.fr\/refonte\/isolation-bourg-des-comptes\/\" \/>\n<meta property=\"og:locale\" content=\"fr_FR\" \/>\n<meta property=\"og:type\" content=\"article\" \/>\n<meta property=\"og:title\" content=\"Isolation Bourg-des-Comptes - ALAIN FOULQUIERES\" \/>\n<meta property=\"og:description\" content=\"Vous cherchez un professionnel en isolation Bourg-des-Comptes ? ALAIN FOULQUIERES est \u00e0 votre \u00e9coute au 06 12 19 00 69.\" \/>\n<meta property=\"og:url\" content=\"https:\/\/www.entreprise-foulquier.fr\/refonte\/isolation-bourg-des-comptes\/\" \/>\n<meta property=\"og:site_name\" content=\"FOULQUIER ROMAIN\" \/>\n<meta property=\"article:modified_time\" content=\"2024-09-17T09:48:28+00:00\" \/>\n<meta name=\"twitter:card\" content=\"summary_large_image\" \/>\n<meta name=\"twitter:label1\" content=\"Dur\u00e9e de lecture estim\u00e9e\" \/>\n\t<meta name=\"twitter:data1\" content=\"3 minutes\" \/>\n<script type=\"application\/ld+json\" class=\"yoast-schema-graph\">{\"@context\":\"https:\/\/schema.org\",\"@graph\":[{\"@type\":\"WebPage\",\"@id\":\"https:\/\/www.entreprise-foulquier.fr\/refonte\/isolation-bourg-des-comptes\/\",\"url\":\"https:\/\/www.entreprise-foulquier.fr\/refonte\/isolation-bourg-des-comptes\/\",\"name\":\"Isolation Bourg-des-Comptes - ALAIN FOULQUIERES\",\"isPartOf\":{\"@id\":\"https:\/\/www.entreprise-foulquier.fr\/refonte\/#website\"},\"datePublished\":\"2022-03-25T11:41:32+00:00\",\"dateModified\":\"2024-09-17T09:48:28+00:00\",\"description\":\"Vous cherchez un professionnel en isolation Bourg-des-Comptes ? ALAIN FOULQUIERES est \u00e0 votre \u00e9coute au 06 12 19 00 69.\",\"breadcrumb\":{\"@id\":\"https:\/\/www.entreprise-foulquier.fr\/refonte\/isolation-bourg-des-comptes\/#breadcrumb\"},\"inLanguage\":\"fr-FR\",\"potentialAction\":[{\"@type\":\"ReadAction\",\"target\":[\"https:\/\/www.entreprise-foulquier.fr\/refonte\/isolation-bourg-des-comptes\/\"]}]},{\"@type\":\"BreadcrumbList\",\"@id\":\"https:\/\/www.entreprise-foulquier.fr\/refonte\/isolation-bourg-des-comptes\/#breadcrumb\",\"itemListElement\":[{\"@type\":\"ListItem\",\"position\":1,\"name\":\"Home\",\"item\":\"https:\/\/www.entreprise-foulquier.fr\/refonte\/\"},{\"@type\":\"ListItem\",\"position\":2,\"name\":\"&#8230; Isolation Bourg-des-Comptes\"}]},{\"@type\":\"WebSite\",\"@id\":\"https:\/\/www.entreprise-foulquier.fr\/refonte\/#website\",\"url\":\"https:\/\/www.entreprise-foulquier.fr\/refonte\/\",\"name\":\"FOULQUIER ROMAIN\",\"description\":\"\",\"potentialAction\":[{\"@type\":\"SearchAction\",\"target\":{\"@type\":\"EntryPoint\",\"urlTemplate\":\"https:\/\/www.entreprise-foulquier.fr\/refonte\/?s={search_term_string}\"},\"query-input\":{\"@type\":\"PropertyValueSpecification\",\"valueRequired\":true,\"valueName\":\"search_term_string\"}}],\"inLanguage\":\"fr-FR\"}]}<\/script>\n<!-- \/ Yoast SEO plugin. -->","yoast_head_json":{"title":"Isolation Bourg-des-Comptes - ALAIN FOULQUIERES","description":"Vous cherchez un professionnel en isolation Bourg-des-Comptes ? ALAIN FOULQUIERES est \u00e0 votre \u00e9coute au 06 12 19 00 69.","robots":{"index":"index","follow":"follow","max-snippet":"max-snippet:-1","max-image-preview":"max-image-preview:large","max-video-preview":"max-video-preview:-1"},"canonical":"https:\/\/www.entreprise-foulquier.fr\/refonte\/isolation-bourg-des-comptes\/","og_locale":"fr_FR","og_type":"article","og_title":"Isolation Bourg-des-Comptes - ALAIN FOULQUIERES","og_description":"Vous cherchez un professionnel en isolation Bourg-des-Comptes ? ALAIN FOULQUIERES est \u00e0 votre \u00e9coute au 06 12 19 00 69.","og_url":"https:\/\/www.entreprise-foulquier.fr\/refonte\/isolation-bourg-des-comptes\/","og_site_name":"FOULQUIER ROMAIN","article_modified_time":"2024-09-17T09:48:28+00:00","twitter_card":"summary_large_image","twitter_misc":{"Dur\u00e9e de lecture estim\u00e9e":"3 minutes"},"schema":{"@context":"https:\/\/schema.org","@graph":[{"@type":"WebPage","@id":"https:\/\/www.entreprise-foulquier.fr\/refonte\/isolation-bourg-des-comptes\/","url":"https:\/\/www.entreprise-foulquier.fr\/refonte\/isolation-bourg-des-comptes\/","name":"Isolation Bourg-des-Comptes - ALAIN FOULQUIERES","isPartOf":{"@id":"https:\/\/www.entreprise-foulquier.fr\/refonte\/#website"},"datePublished":"2022-03-25T11:41:32+00:00","dateModified":"2024-09-17T09:48:28+00:00","description":"Vous cherchez un professionnel en isolation Bourg-des-Comptes ? ALAIN FOULQUIERES est \u00e0 votre \u00e9coute au 06 12 19 00 69.","breadcrumb":{"@id":"https:\/\/www.entreprise-foulquier.fr\/refonte\/isolation-bourg-des-comptes\/#breadcrumb"},"inLanguage":"fr-FR","potentialAction":[{"@type":"ReadAction","target":["https:\/\/www.entreprise-foulquier.fr\/refonte\/isolation-bourg-des-comptes\/"]}]},{"@type":"BreadcrumbList","@id":"https:\/\/www.entreprise-foulquier.fr\/refonte\/isolation-bourg-des-comptes\/#breadcrumb","itemListElement":[{"@type":"ListItem","position":1,"name":"Home","item":"https:\/\/www.entreprise-foulquier.fr\/refonte\/"},{"@type":"ListItem","position":2,"name":"&#8230; Isolation Bourg-des-Comptes"}]},{"@type":"WebSite","@id":"https:\/\/www.entreprise-foulquier.fr\/refonte\/#website","url":"https:\/\/www.entreprise-foulquier.fr\/refonte\/","name":"FOULQUIER ROMAIN","description":"","potentialAction":[{"@type":"SearchAction","target":{"@type":"EntryPoint","urlTemplate":"https:\/\/www.entreprise-foulquier.fr\/refonte\/?s={search_term_string}"},"query-input":{"@type":"PropertyValueSpecification","valueRequired":true,"valueName":"search_term_string"}}],"inLanguage":"fr-FR"}]}},"_links":{"self":[{"href":"https:\/\/www.entreprise-foulquier.fr\/refonte\/wp-json\/wp\/v2\/pages\/1259","targetHints":{"allow":["GET"]}}],"collection":[{"href":"https:\/\/www.entreprise-foulquier.fr\/refonte\/wp-json\/wp\/v2\/pages"}],"about":[{"href":"https:\/\/www.entreprise-foulquier.fr\/refonte\/wp-json\/wp\/v2\/types\/page"}],"author":[{"embeddable":true,"href":"https:\/\/www.entreprise-foulquier.fr\/refonte\/wp-json\/wp\/v2\/users\/3"}],"replies":[{"embeddable":true,"href":"https:\/\/www.entreprise-foulquier.fr\/refonte\/wp-json\/wp\/v2\/comments?post=1259"}],"version-history":[{"count":3,"href":"https:\/\/www.entreprise-foulquier.fr\/refonte\/wp-json\/wp\/v2\/pages\/1259\/revisions"}],"predecessor-version":[{"id":4092,"href":"https:\/\/www.entreprise-foulquier.fr\/refonte\/wp-json\/wp\/v2\/pages\/1259\/revisions\/4092"}],"wp:attachment":[{"href":"https:\/\/www.entreprise-foulquier.fr\/refonte\/wp-json\/wp\/v2\/media?parent=1259"}],"curies":[{"name":"wp","href":"https:\/\/api.w.org\/{rel}","templated":true}]}}